{"id":2668,"date":"2016-06-03T11:08:27","date_gmt":"2016-06-03T11:08:27","guid":{"rendered":"http:\/\/beta.info.hu\/en\/regisztracio\/"},"modified":"2018-02-12T16:59:08","modified_gmt":"2018-02-12T16:59:08","slug":"registration","status":"publish","type":"page","link":"https:\/\/beta.info.hu\/en\/registration\/","title":{"rendered":"Registration"},"content":{"rendered":"<p>[vc_row heading_color=&#8221;light&#8221; bg_type=&#8221;image&#8221; bg_image=&#8221;2266&#8243; color_overlay=&#8221;dark&#8221; opacity_overlay=&#8221;70&#8243; header_feature=&#8221;yes&#8221; footer_feature=&#8221;yes&#8221; padding_top=&#8221;0&#8243; margin_bottom=&#8221;0&#8243; padding_bottom=&#8221;70&#8243;][vc_column tablet_width=&#8221;1&#8243; css=&#8221;.vc_custom_1464904718616{padding-top: 5% !important;}&#8221;]<h1 class=\"grve-element grve-align-center grve-title-line\" style=\"\"><span>Registration<\/span><\/h1>[vc_empty_space height=&#8221;20&#8243;][vc_column_text]<\/p>\n<p style=\"text-align: center;\"><span style=\"color: #ffffff;\">Please read the <strong>filling instructions<\/strong> carefully in order to choose the possibility which suits the aim of your patient organization best. As a representative of a patient organization, you can register your organization in two different ways.<\/span><\/p>\n<p>[\/vc_column_text][vc_row_inner][vc_column_inner width=&#8221;1\/3&#8243;]<div class=\"grve-element grve-box-icon grve-align-center grve-animated-item grve-fadeInUp\" style=\"\" data-delay=\"200\">  <div class=\"grve-icon grve-medium grve-outline grve-circle grve-color-white fa fa-graduation-cap\"><\/div><\/div>[vc_column_text]<span style=\"color: #ffffff;\">You can sign up for the beta.info.hu home page to have access to the <span style=\"color: #8af7ff;\">\u00a0<strong><u><a style=\"color: #8af7ff;\" href=\"http:\/\/beta.info.hu\/en\/educational-materials\/\" target=\"_blank\" rel=\"noopener\">educational materials<\/a> <\/u><\/strong><\/span>. In this case choose \u2018educational materials\u2019 from the pop-up menu. When you send your registration by filling the boxes in the registration form &#8211; after a system check &#8211; you get a notification about the activation of your registration via e-mail. After this you can log in to the \u2018educational materials\u2019 menu point of the home page.<\/span>[\/vc_column_text][\/vc_column_inner][vc_column_inner width=&#8221;2\/3&#8243;]<div class=\"grve-element grve-box-icon grve-align-center grve-animated-item grve-fadeInUp\" style=\"\" data-delay=\"200\">  <div class=\"grve-icon grve-medium grve-outline grve-circle grve-color-white fa fa-group\"><\/div><\/div>[vc_column_text]<span style=\"color: #fff;\">You can sign up for the <span style=\"color: #8af7ff;\">\u00a0<strong><u><a style=\"color: #8af7ff;\" href=\"http:\/\/beta.info.hu\/en\/programmes\/\">Programme Series<\/a><\/u><\/strong><\/span> by choosing this option from the pop-up menu. BETA Programme Series is open for patient organizations which are committed to support our programme and determined to take part at the events of the almost one-year-long programme series.<\/span><\/p>\n<p><span style=\"color: #fff;\">The condition of the registration is to download the <span style=\"color: #8af7ff;\">\u00a0<strong><u><a style=\"color: #8af7ff;\" href=\"http:\/\/beta.info.hu\/wp-content\/uploads\/2016\/06\/reszveteli_nyiltakozat.pdf\">\u2018BETA &#8211; Statement of Participation\u2019.<\/a><\/u><\/strong><\/span> After providing the necessary data, and signing the statement, you have to upload it online or send it by mail to the following address: (AIPM, 1077 Budapest, K\u00e9thly Anna t\u00e9r 1., f\u00f6ldszint), and then you have to fill in the registration form.<\/span>[\/vc_column_text]<div class=\"grve-element grve-align-left\"><a class=\"grve-btn grve-btn-medium grve-square grve-white-color grve-btn-line\" href=\"http:\/\/beta.info.hu\/wp-content\/uploads\/2016\/07\/Reszveteli_nyilatkozat_angol.pdf\" target=\" _blank\" style=\"\"><span>Download 'BETA - Statement of Participation'<\/span><\/a><\/div>[\/vc_column_inner][\/vc_row_inner][vc_empty_space height=&#8221;60&#8243;][vc_row_inner el_class=&#8221;ac cwhite&#8221;][vc_column_inner width=&#8221;1\/4&#8243;][\/vc_column_inner][vc_column_inner width=&#8221;1\/2&#8243;]<h3 class=\"grve-element grve-align-center grve-title-line\" style=\"\"><span>Start registration<\/span><\/h3>\n                <div class='gf_browser_gecko gform_wrapper' id='gform_wrapper_1' style='display:none'><a id='gf_1' class='gform_anchor' ><\/a><form method='post' enctype='multipart\/form-data' target='gform_ajax_frame_1' id='gform_1'  action='\/en\/wp-json\/wp\/v2\/pages\/2668#gf_1'>\n                        <div class='gform_body'><ul id='gform_fields_1' class='gform_fields top_label form_sublabel_below description_below'><li id='field_1_1' class='gfield gfield_contains_required field_sublabel_below field_description_below' ><label class='gfield_label' for='input_1_1' >Purpose of registration?*<span class='gfield_required'>*<\/span><\/label><div class='ginput_container ginput_container_select'><select name='input_1' id='input_1_1' onchange='gf_apply_rules(1,[14,2]);' class='medium gfield_select' tabindex='1' ><option value='Programme Series' >Programme Series<\/option><option value='Educational materials' >Educational materials<\/option><\/select><\/div><\/li><li id='field_1_14' class='gfield gfield_contains_required field_sublabel_below field_description_below' ><label class='gfield_label'  >Sending of completed statement*<span class='gfield_required'>*<\/span><\/label><div class='ginput_container ginput_container_radio'><ul class='gfield_radio' id='input_1_14'><li class='gchoice_1_14_0'><input name='input_14' type='radio' value='By mail'  id='choice_1_14_0' tabindex='2'  onclick='gf_apply_rules(1,[2]);'  \/><label for='choice_1_14_0' id='label_1_14_0'>By mail<\/label><\/li><li class='gchoice_1_14_1'><input name='input_14' type='radio' value='By online upload'  id='choice_1_14_1' tabindex='3'  onclick='gf_apply_rules(1,[2]);'  \/><label for='choice_1_14_1' id='label_1_14_1'>By online upload<\/label><\/li><\/ul><\/div><\/li><li id='field_1_2' class='gfield gfield_contains_required field_sublabel_below field_description_below' ><label class='gfield_label' for='input_1_2' >Upload Statement of Participation*<span class='gfield_required'>*<\/span><\/label><div class='ginput_container ginput_container_fileupload'><input type='hidden' name='MAX_FILE_SIZE' value='268435456' \/><input name='input_2' id='input_1_2' type='file' class='medium' aria-describedby='extensions_message' tabindex='4' \/><span id='extensions_message' class='screen-reader-text'>Accepted file types: jpg, jpeg, gif, png, pdf.<\/span><\/div><\/li><li id='field_1_3' class='gfield gfield_contains_required field_sublabel_below field_description_below' ><label class='gfield_label' for='input_1_3' >Name of patient organization*<span class='gfield_required'>*<\/span><\/label><div class='ginput_container ginput_container_text'><input name='input_3' id='input_1_3' type='text' value='' class='medium'  tabindex='5'   \/><\/div><\/li><li id='field_1_4' class='gfield gfield_contains_required field_sublabel_below field_description_below' ><label class='gfield_label' for='input_1_4_3' >Name of contact person*<span class='gfield_required'>*<\/span><\/label><div class='ginput_complex ginput_container no_prefix has_first_name no_middle_name has_last_name no_suffix gf_name_has_2 ginput_container_name' id='input_1_4'>\n                            \n                            <span id='input_1_4_3_container' class='name_first' >\n                                                    <input type='text' name='input_4.3' id='input_1_4_3' value='' aria-label='First name' tabindex='7'  \/>\n                                                    <label for='input_1_4_3' >First<\/label>\n                                                <\/span>\n                            \n                            <span id='input_1_4_6_container' class='name_last' >\n                                                    <input type='text' name='input_4.6' id='input_1_4_6' value='' aria-label='Last name' tabindex='9'  \/>\n                                                    <label for='input_1_4_6' >Last<\/label>\n                                                <\/span>\n                            \n                        <\/div><\/li><li id='field_1_5' class='gfield field_sublabel_below field_description_below' ><label class='gfield_label' for='input_1_5' >Website<\/label><div class='ginput_container ginput_container_website'>\n                    <input name='input_5' id='input_1_5' type='text' value='' class='medium'  tabindex='11'   placeholder='http:\/\/'\/>\n                <\/div><\/li><li id='field_1_6' class='gfield gfield_contains_required field_sublabel_below field_description_below' ><label class='gfield_label' for='input_1_6' >Email address*<span class='gfield_required'>*<\/span><\/label><div class='ginput_complex ginput_container ginput_container_email' id='input_1_6_container'>\n                                <span id='input_1_6_1_container' class='ginput_left'>\n                                    <input class='' type='text' name='input_6' id='input_1_6' value='' tabindex='12'   \/>\n                                    <label for='input_1_6' >Enter Email<\/label>\n                                <\/span>\n                                <span id='input_1_6_2_container' class='ginput_right'>\n                                    <input class='' type='text' name='input_6_2' id='input_1_6_2' value='' tabindex='13'  \/>\n                                    <label for='input_1_6_2' >Confirm Email<\/label>\n                                <\/span>\n                                <div class='gf_clear gf_clear_complex'><\/div>\n                            <\/div><\/li><li id='field_1_13' class='gfield gfield_contains_required field_sublabel_below field_description_below' ><label class='gfield_label' for='input_1_13' >Password<span class='gfield_required'>*<\/span><\/label><div class='ginput_complex ginput_container ginput_container_password' id='input_1_13_container'>\n\t\t\t\t\t<span id='input_1_13_1_container' class='ginput_left'>\n\t\t\t\t\t\t<input type='password' name='input_13' id='input_1_13'   value='' tabindex='14'  \/>\n\t\t\t\t\t\t<label for='input_1_13' >Enter Password<\/label>\n\t\t\t\t\t<\/span>\n\t\t\t\t\t<span id='input_1_13_2_container' class='ginput_right'>\n\t\t\t\t\t\t<input type='password' name='input_13_2' id='input_1_13_2'   value='' tabindex='15'  \/>\n\t\t\t\t\t\t<label for='input_1_13_2' >Confirm Password<\/label>\n\t\t\t\t\t<\/span>\n\t\t\t\t\t<div class='gf_clear gf_clear_complex'><\/div>\n\t\t\t\t<\/div><\/li><li id='field_1_7' class='gfield gfield_contains_required field_sublabel_below field_description_below' ><label class='gfield_label' for='input_1_7' >Phone*<span class='gfield_required'>*<\/span><\/label><div class='ginput_container ginput_container_phone'><input name='input_7' id='input_1_7' type='text' value='' class='medium' tabindex='16'   \/><\/div><\/li><li id='field_1_9' class='gfield gfield_contains_required field_sublabel_below field_description_below' ><label class='gfield_label'  >I give my permission to contact me in connection with BETA issues *<span class='gfield_required'>*<\/span><\/label><div class='ginput_container ginput_container_radio'><ul class='gfield_radio' id='input_1_9'><li class='gchoice_1_9_0'><input name='input_9' type='radio' value='Agree'  id='choice_1_9_0' tabindex='17'    \/><label for='choice_1_9_0' id='label_1_9_0'>Agree<\/label><\/li><li class='gchoice_1_9_1'><input name='input_9' type='radio' value='Disagree'  id='choice_1_9_1' tabindex='18'    \/><label for='choice_1_9_1' id='label_1_9_1'>Disagree<\/label><\/li><\/ul><\/div><\/li><li id='field_1_12' class='gfield gfield_contains_required field_sublabel_below field_description_below' ><label class='gfield_label'  >Terms of Use*<span class='gfield_required'>*<\/span><\/label><div class='ginput_container ginput_container_checkbox'><ul class='gfield_checkbox' id='input_1_12'><li class='gchoice_1_12_1'>\n\t\t\t\t\t\t\t\t<input name='input_12.1' type='checkbox'  value='I accept the terms of use'  id='choice_1_12_1' tabindex='19'  \/>\n\t\t\t\t\t\t\t\t<label for='choice_1_12_1' id='label_1_12_1'>I accept the terms of use<\/label>\n\t\t\t\t\t\t\t<\/li><\/ul><\/div><div class='gfield_description'><a href=\"http:\/\/beta.info.hu\/wp-content\/uploads\/2016\/06\/felhasznalasi_feltetelek.pdf\" target=\"_blank\">Download Terms of Use<\/a><\/div><\/li>\n                            <\/ul><\/div>\n        <div class='gform_footer top_label'> <input type='submit' id='gform_submit_button_1' class='gform_button button' value='Register' tabindex='20' onclick='if(window[\"gf_submitting_1\"]){return false;}  window[\"gf_submitting_1\"]=true;  ' \/> <input type='hidden' name='gform_ajax' value='form_id=1&amp;title=&amp;description=&amp;tabindex=1' \/>\n            <input type='hidden' class='gform_hidden' name='is_submit_1' value='1' \/>\n            <input type='hidden' class='gform_hidden' name='gform_submit' value='1' \/>\n            \n            <input type='hidden' class='gform_hidden' name='gform_unique_id' value='' \/>\n            <input type='hidden' class='gform_hidden' name='state_1' value='WyJbXSIsIjc3NGRhOTdjYmY0YWI1MDFiZTRiMjM5M2Y1NTRkOGQ5Il0=' \/>\n            <input type='hidden' class='gform_hidden' name='gform_target_page_number_1' id='gform_target_page_number_1' value='0' \/>\n            <input type='hidden' class='gform_hidden' name='gform_source_page_number_1' id='gform_source_page_number_1' value='1' \/>\n            <input type='hidden' name='gform_field_values' value='' \/>\n            \n        <\/div>\n                        <\/form>\n                        <\/div>\n                <iframe style='display:none;width:0px;height:0px;' src='about:blank' name='gform_ajax_frame_1' id='gform_ajax_frame_1'><\/iframe>\n                <script type='text\/javascript'>jQuery(document).ready(function($){gformInitSpinner( 1, 'https:\/\/beta.info.hu\/wp-content\/plugins\/gravityforms\/images\/spinner.gif' );jQuery('#gform_ajax_frame_1').load( function(){var contents = jQuery(this).contents().find('*').html();var is_postback = contents.indexOf('GF_AJAX_POSTBACK') >= 0;if(!is_postback){return;}var form_content = jQuery(this).contents().find('#gform_wrapper_1');var is_confirmation = jQuery(this).contents().find('#gform_confirmation_wrapper_1').length > 0;var is_redirect = contents.indexOf('gformRedirect(){') >= 0;var is_form = form_content.length > 0 && ! is_redirect && ! is_confirmation;if(is_form){jQuery('#gform_wrapper_1').html(form_content.html());setTimeout( function() { \/* delay the scroll by 50 milliseconds to fix a bug in chrome *\/ jQuery(document).scrollTop(jQuery('#gform_wrapper_1').offset().top); }, 50 );if(window['gformInitDatepicker']) {gformInitDatepicker();}if(window['gformInitPriceFields']) {gformInitPriceFields();}var current_page = jQuery('#gform_source_page_number_1').val();gformInitSpinner( 1, 'https:\/\/beta.info.hu\/wp-content\/plugins\/gravityforms\/images\/spinner.gif' );jQuery(document).trigger('gform_page_loaded', [1, current_page]);window['gf_submitting_1'] = false;}else if(!is_redirect){var confirmation_content = jQuery(this).contents().find('#gforms_confirmation_message_1').html();if(!confirmation_content){confirmation_content = contents;}setTimeout(function(){jQuery('#gform_wrapper_1').replaceWith('<' + 'div id=\\'gforms_confirmation_message_1\\' class=\\'gform_confirmation_message_1 gforms_confirmation_message\\'' + '>' + confirmation_content + '<' + '\/div' + '>');jQuery(document).scrollTop(jQuery('#gforms_confirmation_message_1').offset().top);jQuery(document).trigger('gform_confirmation_loaded', [1]);window['gf_submitting_1'] = false;}, 50);}else{jQuery('#gform_1').append(contents);if(window['gformRedirect']) {gformRedirect();}}jQuery(document).trigger('gform_post_render', [1, current_page]);} );} );<\/script><script type='text\/javascript'> if(typeof gf_global == 'undefined') var gf_global = {\"gf_currency_config\":{\"name\":\"Hungarian Forint\",\"symbol_left\":\"\",\"symbol_right\":\"Ft\",\"symbol_padding\":\" \",\"thousand_separator\":\".\",\"decimal_separator\":\",\",\"decimals\":2},\"base_url\":\"https:\\\/\\\/beta.info.hu\\\/wp-content\\\/plugins\\\/gravityforms\",\"number_formats\":[],\"spinnerUrl\":\"https:\\\/\\\/beta.info.hu\\\/wp-content\\\/plugins\\\/gravityforms\\\/images\\\/spinner.gif\"};jQuery(document).bind('gform_post_render', function(event, formId, currentPage){if(formId == 1) {gf_global[\"number_formats\"][1] = {\"1\":false,\"14\":false,\"2\":false,\"3\":false,\"4\":false,\"5\":false,\"6\":false,\"13\":false,\"7\":false,\"9\":false,\"12\":false};if(window['jQuery']){if(!window['gf_form_conditional_logic'])window['gf_form_conditional_logic'] = new Array();window['gf_form_conditional_logic'][1] = { logic: { 14: {\"field\":{\"actionType\":\"show\",\"logicType\":\"all\",\"rules\":[{\"fieldId\":\"1\",\"operator\":\"is\",\"value\":\"Programsorozat\"}]},\"nextButton\":null,\"section\":null},2: {\"field\":{\"actionType\":\"show\",\"logicType\":\"all\",\"rules\":[{\"fieldId\":\"1\",\"operator\":\"is\",\"value\":\"Programsorozat\"},{\"fieldId\":\"14\",\"operator\":\"is\",\"value\":\"Felt\\u00f6lt\\u00e9s weboldalon\"}]},\"nextButton\":null,\"section\":null} }, dependents: { 14: [14],2: [2] }, animation: 0, defaults: {\"4\":{\"4.2\":\"\",\"4.3\":\"\",\"4.4\":\"\",\"4.6\":\"\",\"4.8\":\"\"},\"6\":{\"6\":\"\",\"6.2\":\"\"},\"13\":{\"13\":\"\",\"13.2\":\"\"}}, fields: {\"1\":[14,2],\"14\":[2],\"2\":[],\"3\":[],\"4\":[],\"5\":[],\"6\":[],\"13\":[],\"7\":[],\"9\":[],\"12\":[]} }; if(!window['gf_number_format'])window['gf_number_format'] = 'decimal_dot';jQuery(document).ready(function(){gf_apply_rules(1, [14,2], true);jQuery('#gform_wrapper_1').show();jQuery(document).trigger('gform_post_conditional_logic', [1, null, true]);} );} if(typeof Placeholders != 'undefined'){\n                        Placeholders.enable();\n                    }} } );jQuery(document).bind('gform_post_conditional_logic', function(event, formId, fields, isInit){} );<\/script><script type='text\/javascript'> jQuery(document).ready(function(){jQuery(document).trigger('gform_post_render', [1, 1]) } ); <\/script>[\/vc_column_inner][vc_column_inner width=&#8221;1\/4&#8243;][\/vc_column_inner][\/vc_row_inner][\/vc_column][\/vc_row]<\/p>\n","protected":false},"excerpt":{"rendered":"<p>[vc_row heading_color=&#8221;light&#8221; bg_type=&#8221;image&#8221; bg_image=&#8221;2266&#8243; color_overlay=&#8221;dark&#8221; opacity_overlay=&#8221;70&#8243; header_feature=&#8221;yes&#8221; footer_feature=&#8221;yes&#8221; padding_top=&#8221;0&#8243; margin_bottom=&#8221;0&#8243; padding_bottom=&#8221;70&#8243;][vc_column tablet_width=&#8221;1&#8243; css=&#8221;.vc_custom_1464904718616{padding-top: 5% !important;}&#8221;][vc_empty_space height=&#8221;20&#8243;][vc_column_text] Please read the filling instructions carefully in order to choose the possibility which suits the aim of your patient organization best. As a representative of a patient organization, you can register your organization in two different ways. [\/vc_column_text][vc_row_inner][vc_column_inner width=&#8221;1\/3&#8243;][vc_column_text]You [&hellip;]<\/p>\n","protected":false},"author":2,"featured_media":0,"parent":0,"menu_order":0,"comment_status":"closed","ping_status":"closed","template":"","meta":{"_monsterinsights_skip_tracking":false,"_monsterinsights_sitenote_active":false,"_monsterinsights_sitenote_note":"","_monsterinsights_sitenote_category":0,"footnotes":""},"class_list":["post-2668","page","type-page","status-publish","hentry"],"yoast_head":"<!-- This site is optimized with the Yoast SEO plugin v18.6 - https:\/\/yoast.com\/wordpress\/plugins\/seo\/ -->\n<title>Registration - BETA<\/title>\n<meta name=\"robots\" content=\"index, follow, max-snippet:-1, max-image-preview:large, max-video-preview:-1\" \/>\n<link rel=\"canonical\" href=\"https:\/\/beta.info.hu\/en\/registration\/\" \/>\n<meta property=\"og:locale\" content=\"en_US\" \/>\n<meta property=\"og:type\" content=\"article\" \/>\n<meta property=\"og:title\" content=\"Registration - BETA\" \/>\n<meta property=\"og:description\" content=\"[vc_row heading_color=&#8221;light&#8221; bg_type=&#8221;image&#8221; bg_image=&#8221;2266&#8243; color_overlay=&#8221;dark&#8221; opacity_overlay=&#8221;70&#8243; header_feature=&#8221;yes&#8221; footer_feature=&#8221;yes&#8221; padding_top=&#8221;0&#8243; margin_bottom=&#8221;0&#8243; padding_bottom=&#8221;70&#8243;][vc_column tablet_width=&#8221;1&#8243; css=&#8221;.vc_custom_1464904718616{padding-top: 5% !important;}&#8221;][vc_empty_space height=&#8221;20&#8243;][vc_column_text] Please read the filling instructions carefully in order to choose the possibility which suits the aim of your patient organization best. As a representative of a patient organization, you can register your organization in two different ways. [\/vc_column_text][vc_row_inner][vc_column_inner width=&#8221;1\/3&#8243;][vc_column_text]You [&hellip;]\" \/>\n<meta property=\"og:url\" content=\"https:\/\/beta.info.hu\/en\/registration\/\" \/>\n<meta property=\"og:site_name\" content=\"BETA\" \/>\n<meta property=\"article:modified_time\" content=\"2018-02-12T16:59:08+00:00\" \/>\n<meta name=\"twitter:card\" content=\"summary\" \/>\n<meta name=\"twitter:label1\" content=\"Est. reading time\" \/>\n\t<meta name=\"twitter:data1\" content=\"2 minutes\" \/>\n<script type=\"application\/ld+json\" class=\"yoast-schema-graph\">{\"@context\":\"https:\/\/schema.org\",\"@graph\":[{\"@type\":\"WebSite\",\"@id\":\"https:\/\/beta.info.hu\/#website\",\"url\":\"https:\/\/beta.info.hu\/\",\"name\":\"BETA\",\"description\":\"Betegszervezetek Akad\u00e9mi\u00e1ja\",\"potentialAction\":[{\"@type\":\"SearchAction\",\"target\":{\"@type\":\"EntryPoint\",\"urlTemplate\":\"https:\/\/beta.info.hu\/?s={search_term_string}\"},\"query-input\":\"required name=search_term_string\"}],\"inLanguage\":\"en-US\"},{\"@type\":\"WebPage\",\"@id\":\"https:\/\/beta.info.hu\/en\/registration\/#webpage\",\"url\":\"https:\/\/beta.info.hu\/en\/registration\/\",\"name\":\"Registration - BETA\",\"isPartOf\":{\"@id\":\"https:\/\/beta.info.hu\/#website\"},\"datePublished\":\"2016-06-03T11:08:27+00:00\",\"dateModified\":\"2018-02-12T16:59:08+00:00\",\"breadcrumb\":{\"@id\":\"https:\/\/beta.info.hu\/en\/registration\/#breadcrumb\"},\"inLanguage\":\"en-US\",\"potentialAction\":[{\"@type\":\"ReadAction\",\"target\":[\"https:\/\/beta.info.hu\/en\/registration\/\"]}]},{\"@type\":\"BreadcrumbList\",\"@id\":\"https:\/\/beta.info.hu\/en\/registration\/#breadcrumb\",\"itemListElement\":[{\"@type\":\"ListItem\",\"position\":1,\"name\":\"Home\",\"item\":\"https:\/\/beta.info.hu\/en\/\"},{\"@type\":\"ListItem\",\"position\":2,\"name\":\"Registration\"}]}]}<\/script>\n<!-- \/ Yoast SEO plugin. -->","yoast_head_json":{"title":"Registration - BETA","robots":{"index":"index","follow":"follow","max-snippet":"max-snippet:-1","max-image-preview":"max-image-preview:large","max-video-preview":"max-video-preview:-1"},"canonical":"https:\/\/beta.info.hu\/en\/registration\/","og_locale":"en_US","og_type":"article","og_title":"Registration - BETA","og_description":"[vc_row heading_color=&#8221;light&#8221; bg_type=&#8221;image&#8221; bg_image=&#8221;2266&#8243; color_overlay=&#8221;dark&#8221; opacity_overlay=&#8221;70&#8243; header_feature=&#8221;yes&#8221; footer_feature=&#8221;yes&#8221; padding_top=&#8221;0&#8243; margin_bottom=&#8221;0&#8243; padding_bottom=&#8221;70&#8243;][vc_column tablet_width=&#8221;1&#8243; css=&#8221;.vc_custom_1464904718616{padding-top: 5% !important;}&#8221;][vc_empty_space height=&#8221;20&#8243;][vc_column_text] Please read the filling instructions carefully in order to choose the possibility which suits the aim of your patient organization best. As a representative of a patient organization, you can register your organization in two different ways. [\/vc_column_text][vc_row_inner][vc_column_inner width=&#8221;1\/3&#8243;][vc_column_text]You [&hellip;]","og_url":"https:\/\/beta.info.hu\/en\/registration\/","og_site_name":"BETA","article_modified_time":"2018-02-12T16:59:08+00:00","twitter_card":"summary","twitter_misc":{"Est. reading time":"2 minutes"},"schema":{"@context":"https:\/\/schema.org","@graph":[{"@type":"WebSite","@id":"https:\/\/beta.info.hu\/#website","url":"https:\/\/beta.info.hu\/","name":"BETA","description":"Betegszervezetek Akad\u00e9mi\u00e1ja","potentialAction":[{"@type":"SearchAction","target":{"@type":"EntryPoint","urlTemplate":"https:\/\/beta.info.hu\/?s={search_term_string}"},"query-input":"required name=search_term_string"}],"inLanguage":"en-US"},{"@type":"WebPage","@id":"https:\/\/beta.info.hu\/en\/registration\/#webpage","url":"https:\/\/beta.info.hu\/en\/registration\/","name":"Registration - BETA","isPartOf":{"@id":"https:\/\/beta.info.hu\/#website"},"datePublished":"2016-06-03T11:08:27+00:00","dateModified":"2018-02-12T16:59:08+00:00","breadcrumb":{"@id":"https:\/\/beta.info.hu\/en\/registration\/#breadcrumb"},"inLanguage":"en-US","potentialAction":[{"@type":"ReadAction","target":["https:\/\/beta.info.hu\/en\/registration\/"]}]},{"@type":"BreadcrumbList","@id":"https:\/\/beta.info.hu\/en\/registration\/#breadcrumb","itemListElement":[{"@type":"ListItem","position":1,"name":"Home","item":"https:\/\/beta.info.hu\/en\/"},{"@type":"ListItem","position":2,"name":"Registration"}]}]}},"_links":{"self":[{"href":"https:\/\/beta.info.hu\/en\/wp-json\/wp\/v2\/pages\/2668","targetHints":{"allow":["GET"]}}],"collection":[{"href":"https:\/\/beta.info.hu\/en\/wp-json\/wp\/v2\/pages"}],"about":[{"href":"https:\/\/beta.info.hu\/en\/wp-json\/wp\/v2\/types\/page"}],"author":[{"embeddable":true,"href":"https:\/\/beta.info.hu\/en\/wp-json\/wp\/v2\/users\/2"}],"replies":[{"embeddable":true,"href":"https:\/\/beta.info.hu\/en\/wp-json\/wp\/v2\/comments?post=2668"}],"version-history":[{"count":7,"href":"https:\/\/beta.info.hu\/en\/wp-json\/wp\/v2\/pages\/2668\/revisions"}],"predecessor-version":[{"id":4294,"href":"https:\/\/beta.info.hu\/en\/wp-json\/wp\/v2\/pages\/2668\/revisions\/4294"}],"wp:attachment":[{"href":"https:\/\/beta.info.hu\/en\/wp-json\/wp\/v2\/media?parent=2668"}],"curies":[{"name":"wp","href":"https:\/\/api.w.org\/{rel}","templated":true}]}}