{"id":2675,"date":"2014-11-16T15:18:05","date_gmt":"2014-11-16T15:18:05","guid":{"rendered":"http:\/\/beta.info.hu\/en\/kapcsolat\/"},"modified":"2019-05-23T23:40:49","modified_gmt":"2019-05-23T23:40:49","slug":"contact","status":"publish","type":"page","link":"https:\/\/beta.info.hu\/en\/contact\/","title":{"rendered":"Contact"},"content":{"rendered":"<p>[vc_row section_type=&#8221;fullwidth-element&#8221; header_feature=&#8221;yes&#8221; margin_bottom=&#8221;0&#8243;][vc_column][vc_column_text]<iframe loading=\"lazy\" style=\"border: 0;\" src=\"https:\/\/www.google.com\/maps\/embed?pb=!1m18!1m12!1m3!1d2695.5794569823024!2d19.063390315626744!3d47.49810537917754!2m3!1f0!2f0!3f0!3m2!1i1024!2i768!4f13.1!3m3!1m2!1s0x4741dc67db42bcdb%3A0x4918996342ded5e7!2sBudapest%2C+K%C3%A9thly+Anna+t%C3%A9r+1%2C+1077+Magyarorsz%C3%A1g!5e0!3m2!1shu!2sid!4v1558654817551!5m2!1shu!2sid\" width=\"1920\" height=\"550\" frameborder=\"0\" allowfullscreen=\"allowfullscreen\"><\/iframe>[\/vc_column_text][\/vc_column][\/vc_row][vc_row section_type=&#8221;fullwidth-element&#8221; bg_type=&#8221;image&#8221; bg_image=&#8221;2098&#8243; bg_image_type=&#8221;parallax&#8221; opacity_overlay=&#8221;30&#8243; footer_feature=&#8221;yes&#8221;][vc_column width=&#8221;1\/2&#8243; css=&#8221;.vc_custom_1466004700512{padding-top: 5% !important;padding-bottom: 5% !important;}&#8221;][vc_column_text text_style=&#8221;subtitle&#8221; css=&#8221;.vc_custom_1467889752102{margin-top: 0px !important;margin-right: 20% !important;margin-bottom: 0px !important;margin-left: 20% !important;padding-top: 30px !important;padding-right: 10px !important;padding-bottom: 30px !important;padding-left: 10px !important;background-color: rgba(255,255,255,0.9) !important;*background-color: rgb(255,255,255) !important;}&#8221;]<\/p>\n<p style=\"text-align: center;\">If you have any questions or comments, please fill in this message form!<\/p>\n<p>[\/vc_column_text]<div class=\"grve-element grve-hr grve-line-divider\" style=\"\"><\/div>[vc_column_text text_style=&#8221;subtitle&#8221; css=&#8221;.vc_custom_1558654797124{margin-top: 0px !important;margin-right: 20% !important;margin-bottom: 0px !important;margin-left: 20% !important;padding-top: 30px !important;padding-right: 10px !important;padding-bottom: 30px !important;padding-left: 10px !important;background-color: rgba(255,255,255,0.9) !important;*background-color: rgb(255,255,255) !important;}&#8221;]<\/p>\n<p style=\"text-align: center;\"><strong>Please share your thoughts regarding the educational programme!<\/strong><br \/>\nDr. Kl\u00e1ra Vargha<br \/>\nBETA Programme Leader<br \/>\nMobile: +36 20 9337-594<br \/>\nEmail: <a href=\"mailto:info@beta.info.hu\">info@beta.info.hu<\/a><\/p>\n<div style=\"text-align: center;\"><strong>Kinga\u00a0Shalaby<\/strong><br \/>\nAIPM<\/div>\n<div style=\"text-align: center;\">K\u00e9thly Anna t\u00e9r 1., f\u00f6ldszint<\/div>\n<div style=\"text-align: center;\">Telefon: <a href=\"tel:+36%201%20250%204876\" target=\"_blank\" rel=\"noopener\">+36 1 250 4876<\/a><br \/>\nMobil: <a href=\"tel:+36%2070%20672%206363\" target=\"_blank\" rel=\"noopener\">+36 70 672 6363<\/a><\/div>\n<div style=\"text-align: center;\">Email: <a href=\"mailto:info@beta.info.hu\" target=\"_blank\" rel=\"noopener\">info@beta.info.hu<\/a><\/div>\n<p>[\/vc_column_text][\/vc_column][vc_column width=&#8221;1\/2&#8243; css=&#8221;.vc_custom_1462881672816{padding-top: 5% !important;padding-right: 10% !important;padding-bottom: 5% !important;padding-left: 10% !important;background-color: rgba(0,168,231,0.69) !important;*background-color: rgb(0,168,231) !important;}&#8221; font_color=&#8221;#ffffff&#8221;][vc_column_text text_style=&#8221;subtitle&#8221; css=&#8221;.vc_custom_1478634826520{margin-top: 0px !important;margin-right: 20% !important;margin-bottom: 0px !important;margin-left: 0px !important;padding-top: 30px !important;padding-right: 10px !important;padding-bottom: 10px !important;padding-left: 0px !important;}&#8221;]<\/p>\n<h5 style=\"text-align: left;\"><span style=\"color: #ffffff;\">CONTACT US<\/span><\/h5>\n<p>[\/vc_column_text]<div role=\"form\" class=\"wpcf7\" id=\"wpcf7-f2678-o1\" lang=\"en-US\" dir=\"ltr\">\n<div class=\"screen-reader-response\"><p role=\"status\" aria-live=\"polite\" aria-atomic=\"true\"><\/p> <ul><\/ul><\/div>\n<form action=\"\/en\/wp-json\/wp\/v2\/pages\/2675#wpcf7-f2678-o1\" method=\"post\" class=\"wpcf7-form init\" novalidate=\"novalidate\" data-status=\"init\">\n<div style=\"display: none;\">\n<input type=\"hidden\" name=\"_wpcf7\" value=\"2678\" \/>\n<input type=\"hidden\" name=\"_wpcf7_version\" value=\"5.5.6\" \/>\n<input type=\"hidden\" name=\"_wpcf7_locale\" value=\"en_US\" \/>\n<input type=\"hidden\" name=\"_wpcf7_unit_tag\" value=\"wpcf7-f2678-o1\" \/>\n<input type=\"hidden\" name=\"_wpcf7_container_post\" value=\"0\" \/>\n<input type=\"hidden\" name=\"_wpcf7_posted_data_hash\" value=\"\" \/>\n<\/div>\n<p>Name (required)<br \/>\n    <span class=\"wpcf7-form-control-wrap your-name\"><input type=\"text\" name=\"your-name\" value=\"\" size=\"40\" class=\"wpcf7-form-control wpcf7-text wpcf7-validates-as-required\" aria-required=\"true\" aria-invalid=\"false\" \/><\/span> <\/p>\n<p>Email (required)<br \/>\n    <span class=\"wpcf7-form-control-wrap your-email\"><input type=\"email\" name=\"your-email\" value=\"\" size=\"40\" class=\"wpcf7-form-control wpcf7-text wpcf7-email wpcf7-validates-as-required wpcf7-validates-as-email\" aria-required=\"true\" aria-invalid=\"false\" \/><\/span> <\/p>\n<p>Message<br \/>\n    <span class=\"wpcf7-form-control-wrap your-message\"><textarea name=\"your-message\" cols=\"40\" rows=\"10\" class=\"wpcf7-form-control wpcf7-textarea\" aria-invalid=\"false\"><\/textarea><\/span> <\/p>\n<p><input type=\"submit\" value=\"Submit\" class=\"wpcf7-form-control has-spinner wpcf7-submit\" \/><\/p>\n<div class=\"wpcf7-response-output\" aria-hidden=\"true\"><\/div><\/form><\/div>[\/vc_column][\/vc_row]<\/p>\n","protected":false},"excerpt":{"rendered":"<p>[vc_row section_type=&#8221;fullwidth-element&#8221; header_feature=&#8221;yes&#8221; margin_bottom=&#8221;0&#8243;][vc_column][vc_column_text][\/vc_column_text][\/vc_column][\/vc_row][vc_row section_type=&#8221;fullwidth-element&#8221; bg_type=&#8221;image&#8221; bg_image=&#8221;2098&#8243; bg_image_type=&#8221;parallax&#8221; opacity_overlay=&#8221;30&#8243; footer_feature=&#8221;yes&#8221;][vc_column width=&#8221;1\/2&#8243; css=&#8221;.vc_custom_1466004700512{padding-top: 5% !important;padding-bottom: 5% !important;}&#8221;][vc_column_text text_style=&#8221;subtitle&#8221; css=&#8221;.vc_custom_1467889752102{margin-top: 0px !important;margin-right: 20% !important;margin-bottom: 0px !important;margin-left: 20% !important;padding-top: 30px !important;padding-right: 10px !important;padding-bottom: 30px !important;padding-left: 10px !important;background-color: rgba(255,255,255,0.9) !important;*background-color: rgb(255,255,255) !important;}&#8221;] If you have any questions or comments, please fill in this message form! [\/vc_column_text][vc_column_text text_style=&#8221;subtitle&#8221; css=&#8221;.vc_custom_1558654797124{margin-top: 0px [&hellip;]<\/p>\n","protected":false},"author":5,"featured_media":0,"parent":0,"menu_order":0,"comment_status":"open","ping_status":"open","template":"","meta":{"_monsterinsights_skip_tracking":false,"_monsterinsights_sitenote_active":false,"_monsterinsights_sitenote_note":"","_monsterinsights_sitenote_category":0,"footnotes":""},"class_list":["post-2675","page","type-page","status-publish","hentry"],"yoast_head":"<!-- This site is optimized with the Yoast SEO plugin v18.6 - https:\/\/yoast.com\/wordpress\/plugins\/seo\/ -->\n<title>Contact - BETA<\/title>\n<meta name=\"robots\" content=\"index, follow, max-snippet:-1, max-image-preview:large, max-video-preview:-1\" \/>\n<link rel=\"canonical\" href=\"https:\/\/beta.info.hu\/en\/contact\/\" \/>\n<meta property=\"og:locale\" content=\"en_US\" \/>\n<meta property=\"og:type\" content=\"article\" \/>\n<meta property=\"og:title\" content=\"Contact - BETA\" \/>\n<meta property=\"og:description\" content=\"[vc_row section_type=&#8221;fullwidth-element&#8221; header_feature=&#8221;yes&#8221; margin_bottom=&#8221;0&#8243;][vc_column][vc_column_text][\/vc_column_text][\/vc_column][\/vc_row][vc_row section_type=&#8221;fullwidth-element&#8221; bg_type=&#8221;image&#8221; bg_image=&#8221;2098&#8243; bg_image_type=&#8221;parallax&#8221; opacity_overlay=&#8221;30&#8243; footer_feature=&#8221;yes&#8221;][vc_column width=&#8221;1\/2&#8243; css=&#8221;.vc_custom_1466004700512{padding-top: 5% !important;padding-bottom: 5% !important;}&#8221;][vc_column_text text_style=&#8221;subtitle&#8221; css=&#8221;.vc_custom_1467889752102{margin-top: 0px !important;margin-right: 20% !important;margin-bottom: 0px !important;margin-left: 20% !important;padding-top: 30px !important;padding-right: 10px !important;padding-bottom: 30px !important;padding-left: 10px !important;background-color: rgba(255,255,255,0.9) !important;*background-color: rgb(255,255,255) !important;}&#8221;] If you have any questions or comments, please fill in this message form! [\/vc_column_text][vc_column_text text_style=&#8221;subtitle&#8221; css=&#8221;.vc_custom_1558654797124{margin-top: 0px [&hellip;]\" \/>\n<meta property=\"og:url\" content=\"https:\/\/beta.info.hu\/en\/contact\/\" \/>\n<meta property=\"og:site_name\" content=\"BETA\" \/>\n<meta property=\"article:modified_time\" content=\"2019-05-23T23:40:49+00:00\" \/>\n<meta name=\"twitter:card\" content=\"summary\" \/>\n<meta name=\"twitter:label1\" content=\"Est. reading time\" \/>\n\t<meta name=\"twitter:data1\" content=\"1 minute\" \/>\n<script type=\"application\/ld+json\" class=\"yoast-schema-graph\">{\"@context\":\"https:\/\/schema.org\",\"@graph\":[{\"@type\":\"WebSite\",\"@id\":\"https:\/\/beta.info.hu\/#website\",\"url\":\"https:\/\/beta.info.hu\/\",\"name\":\"BETA\",\"description\":\"Betegszervezetek Akad\u00e9mi\u00e1ja\",\"potentialAction\":[{\"@type\":\"SearchAction\",\"target\":{\"@type\":\"EntryPoint\",\"urlTemplate\":\"https:\/\/beta.info.hu\/?s={search_term_string}\"},\"query-input\":\"required name=search_term_string\"}],\"inLanguage\":\"en-US\"},{\"@type\":\"WebPage\",\"@id\":\"https:\/\/beta.info.hu\/en\/contact\/#webpage\",\"url\":\"https:\/\/beta.info.hu\/en\/contact\/\",\"name\":\"Contact - BETA\",\"isPartOf\":{\"@id\":\"https:\/\/beta.info.hu\/#website\"},\"datePublished\":\"2014-11-16T15:18:05+00:00\",\"dateModified\":\"2019-05-23T23:40:49+00:00\",\"breadcrumb\":{\"@id\":\"https:\/\/beta.info.hu\/en\/contact\/#breadcrumb\"},\"inLanguage\":\"en-US\",\"potentialAction\":[{\"@type\":\"ReadAction\",\"target\":[\"https:\/\/beta.info.hu\/en\/contact\/\"]}]},{\"@type\":\"BreadcrumbList\",\"@id\":\"https:\/\/beta.info.hu\/en\/contact\/#breadcrumb\",\"itemListElement\":[{\"@type\":\"ListItem\",\"position\":1,\"name\":\"Home\",\"item\":\"https:\/\/beta.info.hu\/en\/\"},{\"@type\":\"ListItem\",\"position\":2,\"name\":\"Contact\"}]}]}<\/script>\n<!-- \/ Yoast SEO plugin. -->","yoast_head_json":{"title":"Contact - BETA","robots":{"index":"index","follow":"follow","max-snippet":"max-snippet:-1","max-image-preview":"max-image-preview:large","max-video-preview":"max-video-preview:-1"},"canonical":"https:\/\/beta.info.hu\/en\/contact\/","og_locale":"en_US","og_type":"article","og_title":"Contact - BETA","og_description":"[vc_row section_type=&#8221;fullwidth-element&#8221; header_feature=&#8221;yes&#8221; margin_bottom=&#8221;0&#8243;][vc_column][vc_column_text][\/vc_column_text][\/vc_column][\/vc_row][vc_row section_type=&#8221;fullwidth-element&#8221; bg_type=&#8221;image&#8221; bg_image=&#8221;2098&#8243; bg_image_type=&#8221;parallax&#8221; opacity_overlay=&#8221;30&#8243; footer_feature=&#8221;yes&#8221;][vc_column width=&#8221;1\/2&#8243; css=&#8221;.vc_custom_1466004700512{padding-top: 5% !important;padding-bottom: 5% !important;}&#8221;][vc_column_text text_style=&#8221;subtitle&#8221; css=&#8221;.vc_custom_1467889752102{margin-top: 0px !important;margin-right: 20% !important;margin-bottom: 0px !important;margin-left: 20% !important;padding-top: 30px !important;padding-right: 10px !important;padding-bottom: 30px !important;padding-left: 10px !important;background-color: rgba(255,255,255,0.9) !important;*background-color: rgb(255,255,255) !important;}&#8221;] If you have any questions or comments, please fill in this message form! [\/vc_column_text][vc_column_text text_style=&#8221;subtitle&#8221; css=&#8221;.vc_custom_1558654797124{margin-top: 0px [&hellip;]","og_url":"https:\/\/beta.info.hu\/en\/contact\/","og_site_name":"BETA","article_modified_time":"2019-05-23T23:40:49+00:00","twitter_card":"summary","twitter_misc":{"Est. reading time":"1 minute"},"schema":{"@context":"https:\/\/schema.org","@graph":[{"@type":"WebSite","@id":"https:\/\/beta.info.hu\/#website","url":"https:\/\/beta.info.hu\/","name":"BETA","description":"Betegszervezetek Akad\u00e9mi\u00e1ja","potentialAction":[{"@type":"SearchAction","target":{"@type":"EntryPoint","urlTemplate":"https:\/\/beta.info.hu\/?s={search_term_string}"},"query-input":"required name=search_term_string"}],"inLanguage":"en-US"},{"@type":"WebPage","@id":"https:\/\/beta.info.hu\/en\/contact\/#webpage","url":"https:\/\/beta.info.hu\/en\/contact\/","name":"Contact - BETA","isPartOf":{"@id":"https:\/\/beta.info.hu\/#website"},"datePublished":"2014-11-16T15:18:05+00:00","dateModified":"2019-05-23T23:40:49+00:00","breadcrumb":{"@id":"https:\/\/beta.info.hu\/en\/contact\/#breadcrumb"},"inLanguage":"en-US","potentialAction":[{"@type":"ReadAction","target":["https:\/\/beta.info.hu\/en\/contact\/"]}]},{"@type":"BreadcrumbList","@id":"https:\/\/beta.info.hu\/en\/contact\/#breadcrumb","itemListElement":[{"@type":"ListItem","position":1,"name":"Home","item":"https:\/\/beta.info.hu\/en\/"},{"@type":"ListItem","position":2,"name":"Contact"}]}]}},"_links":{"self":[{"href":"https:\/\/beta.info.hu\/en\/wp-json\/wp\/v2\/pages\/2675","targetHints":{"allow":["GET"]}}],"collection":[{"href":"https:\/\/beta.info.hu\/en\/wp-json\/wp\/v2\/pages"}],"about":[{"href":"https:\/\/beta.info.hu\/en\/wp-json\/wp\/v2\/types\/page"}],"author":[{"embeddable":true,"href":"https:\/\/beta.info.hu\/en\/wp-json\/wp\/v2\/users\/5"}],"replies":[{"embeddable":true,"href":"https:\/\/beta.info.hu\/en\/wp-json\/wp\/v2\/comments?post=2675"}],"version-history":[{"count":10,"href":"https:\/\/beta.info.hu\/en\/wp-json\/wp\/v2\/pages\/2675\/revisions"}],"predecessor-version":[{"id":4396,"href":"https:\/\/beta.info.hu\/en\/wp-json\/wp\/v2\/pages\/2675\/revisions\/4396"}],"wp:attachment":[{"href":"https:\/\/beta.info.hu\/en\/wp-json\/wp\/v2\/media?parent=2675"}],"curies":[{"name":"wp","href":"https:\/\/api.w.org\/{rel}","templated":true}]}}