{"id":2723,"date":"2016-06-08T12:01:40","date_gmt":"2016-06-08T12:01:40","guid":{"rendered":"http:\/\/beta.info.hu\/en\/impresszum\/"},"modified":"2016-07-08T17:41:06","modified_gmt":"2016-07-08T17:41:06","slug":"impressum","status":"publish","type":"page","link":"https:\/\/beta.info.hu\/en\/impressum\/","title":{"rendered":"Impressum"},"content":{"rendered":"<p>[vc_row][vc_column width=&#8221;1\/3&#8243;][vc_column_text]<img loading=\"lazy\" decoding=\"async\" class=\"alignnone size-medium wp-image-2424\" src=\"http:\/\/beta.info.hu\/wp-content\/uploads\/2016\/06\/logo-1-300x86.png\" alt=\"logo\" width=\"300\" height=\"86\" srcset=\"https:\/\/beta.info.hu\/wp-content\/uploads\/2016\/06\/logo-1-300x86.png 300w, https:\/\/beta.info.hu\/wp-content\/uploads\/2016\/06\/logo-1.png 454w\" sizes=\"auto, (max-width: 300px) 100vw, 300px\" \/>[\/vc_column_text][vc_column_text]<\/p>\n<div class=\"grve-box-content\">\n<h5 class=\"grve-box-title\">Company details<\/h5>\n<p class=\"\"><strong>Company name:<\/strong> Innovat\u00edv Gy\u00f3gyszergy\u00e1rt\u00f3k Egyes\u00fclete<br \/>\n<strong>Short form of company name:<\/strong> AIPM<br \/>\n<strong>Tax registration number:<\/strong> 18054293-1-41<br \/>\n<strong>Represented by:<\/strong>\u00a0Erika N\u00e9methi,\u00a0Director<br \/>\n<strong>Registered office:<\/strong> 1077 Budapest, K\u00e9thly Anna t\u00e9r 1., ground floor<br \/>\n<strong>Phone:<\/strong> +36 1 250 4876<\/p>\n<\/div>\n<p>[\/vc_column_text][\/vc_column][vc_column width=&#8221;1\/3&#8243;][vc_empty_space height=&#8221;112&#8243;][vc_column_text]<\/p>\n<div class=\"grve-box-content\">\n<h5 class=\"grve-box-title\">Office<\/h5>\n<p class=\"\"><strong>Association of Innovative Pharmaceutical Manufacturers \/ AIPM office\u00a0address:<\/strong><br \/>\n1077 Budapest, K\u00e9thly Anna t\u00e9r 1.,\u00a0ground floor<br \/>\n<strong>Phone:<\/strong> +36 1 250 4876<br \/>\n<strong>Email:<\/strong> info@beta.info.hu<\/p>\n<\/div>\n<p>[\/vc_column_text][\/vc_column][vc_column width=&#8221;1\/3&#8243;][vc_empty_space height=&#8221;112&#8243;]<div class=\"grve-element grve-slogan grve-align-left\" style=\"\"><h2 class=\"grve-slogan-title grve-align-left grve-title-line\"><span>Web hosting<\/span><\/h2>  <p class=\"\">T\u00e1rhely.Eu Szolg\u00e1ltat\u00f3 Kft.<br \/>\nGeneral Court registration number: 01-09-909968<br \/>\nTax registration number: 14571332-2-42<br \/>\nPhone: +36 1 789-2-789<br \/>\n1097 Budapest, K\u00f6nyves K\u00e1lm\u00e1n k\u00f6r\u00fat 12-14 <\/p><\/div>[\/vc_column][\/vc_row]<\/p>\n","protected":false},"excerpt":{"rendered":"<p>[vc_row][vc_column width=&#8221;1\/3&#8243;][vc_column_text][\/vc_column_text][vc_column_text] Company details Company name: Innovat\u00edv Gy\u00f3gyszergy\u00e1rt\u00f3k Egyes\u00fclete Short form of company name: AIPM Tax registration number: 18054293-1-41 Represented by:\u00a0Erika N\u00e9methi,\u00a0Director Registered office: 1077 Budapest, K\u00e9thly Anna t\u00e9r 1., ground floor Phone: +36 1 250 4876 [\/vc_column_text][\/vc_column][vc_column width=&#8221;1\/3&#8243;][vc_empty_space height=&#8221;112&#8243;][vc_column_text] Office Association of Innovative Pharmaceutical Manufacturers \/ AIPM office\u00a0address: 1077 Budapest, K\u00e9thly Anna t\u00e9r 1.,\u00a0ground [&hellip;]<\/p>\n","protected":false},"author":2,"featured_media":0,"parent":0,"menu_order":0,"comment_status":"closed","ping_status":"closed","template":"","meta":{"_monsterinsights_skip_tracking":false,"_monsterinsights_sitenote_active":false,"_monsterinsights_sitenote_note":"","_monsterinsights_sitenote_category":0,"footnotes":""},"class_list":["post-2723","page","type-page","status-publish","hentry"],"yoast_head":"<!-- This site is optimized with the Yoast SEO plugin v18.6 - https:\/\/yoast.com\/wordpress\/plugins\/seo\/ -->\n<title>Impressum - BETA<\/title>\n<meta name=\"robots\" content=\"index, follow, max-snippet:-1, max-image-preview:large, max-video-preview:-1\" \/>\n<link rel=\"canonical\" href=\"https:\/\/beta.info.hu\/en\/impressum\/\" \/>\n<meta property=\"og:locale\" content=\"en_US\" \/>\n<meta property=\"og:type\" content=\"article\" \/>\n<meta property=\"og:title\" content=\"Impressum - BETA\" \/>\n<meta property=\"og:description\" content=\"[vc_row][vc_column width=&#8221;1\/3&#8243;][vc_column_text][\/vc_column_text][vc_column_text] Company details Company name: Innovat\u00edv Gy\u00f3gyszergy\u00e1rt\u00f3k Egyes\u00fclete Short form of company name: AIPM Tax registration number: 18054293-1-41 Represented by:\u00a0Erika N\u00e9methi,\u00a0Director Registered office: 1077 Budapest, K\u00e9thly Anna t\u00e9r 1., ground floor Phone: +36 1 250 4876 [\/vc_column_text][\/vc_column][vc_column width=&#8221;1\/3&#8243;][vc_empty_space height=&#8221;112&#8243;][vc_column_text] Office Association of Innovative Pharmaceutical Manufacturers \/ AIPM office\u00a0address: 1077 Budapest, K\u00e9thly Anna t\u00e9r 1.,\u00a0ground [&hellip;]\" \/>\n<meta property=\"og:url\" content=\"https:\/\/beta.info.hu\/en\/impressum\/\" \/>\n<meta property=\"og:site_name\" content=\"BETA\" \/>\n<meta property=\"article:modified_time\" content=\"2016-07-08T17:41:06+00:00\" \/>\n<meta property=\"og:image\" content=\"http:\/\/beta.info.hu\/wp-content\/uploads\/2016\/06\/logo-1-300x86.png\" \/>\n<meta name=\"twitter:card\" content=\"summary\" \/>\n<meta name=\"twitter:label1\" content=\"Est. reading time\" \/>\n\t<meta name=\"twitter:data1\" content=\"1 minute\" \/>\n<script type=\"application\/ld+json\" class=\"yoast-schema-graph\">{\"@context\":\"https:\/\/schema.org\",\"@graph\":[{\"@type\":\"WebSite\",\"@id\":\"https:\/\/beta.info.hu\/#website\",\"url\":\"https:\/\/beta.info.hu\/\",\"name\":\"BETA\",\"description\":\"Betegszervezetek Akad\u00e9mi\u00e1ja\",\"potentialAction\":[{\"@type\":\"SearchAction\",\"target\":{\"@type\":\"EntryPoint\",\"urlTemplate\":\"https:\/\/beta.info.hu\/?s={search_term_string}\"},\"query-input\":\"required name=search_term_string\"}],\"inLanguage\":\"en-US\"},{\"@type\":\"ImageObject\",\"@id\":\"https:\/\/beta.info.hu\/en\/impressum\/#primaryimage\",\"inLanguage\":\"en-US\",\"url\":\"https:\/\/beta.info.hu\/wp-content\/uploads\/2016\/06\/logo-1.png\",\"contentUrl\":\"https:\/\/beta.info.hu\/wp-content\/uploads\/2016\/06\/logo-1.png\",\"width\":454,\"height\":130},{\"@type\":\"WebPage\",\"@id\":\"https:\/\/beta.info.hu\/en\/impressum\/#webpage\",\"url\":\"https:\/\/beta.info.hu\/en\/impressum\/\",\"name\":\"Impressum - BETA\",\"isPartOf\":{\"@id\":\"https:\/\/beta.info.hu\/#website\"},\"primaryImageOfPage\":{\"@id\":\"https:\/\/beta.info.hu\/en\/impressum\/#primaryimage\"},\"datePublished\":\"2016-06-08T12:01:40+00:00\",\"dateModified\":\"2016-07-08T17:41:06+00:00\",\"breadcrumb\":{\"@id\":\"https:\/\/beta.info.hu\/en\/impressum\/#breadcrumb\"},\"inLanguage\":\"en-US\",\"potentialAction\":[{\"@type\":\"ReadAction\",\"target\":[\"https:\/\/beta.info.hu\/en\/impressum\/\"]}]},{\"@type\":\"BreadcrumbList\",\"@id\":\"https:\/\/beta.info.hu\/en\/impressum\/#breadcrumb\",\"itemListElement\":[{\"@type\":\"ListItem\",\"position\":1,\"name\":\"Home\",\"item\":\"https:\/\/beta.info.hu\/en\/\"},{\"@type\":\"ListItem\",\"position\":2,\"name\":\"Impressum\"}]}]}<\/script>\n<!-- \/ Yoast SEO plugin. -->","yoast_head_json":{"title":"Impressum - BETA","robots":{"index":"index","follow":"follow","max-snippet":"max-snippet:-1","max-image-preview":"max-image-preview:large","max-video-preview":"max-video-preview:-1"},"canonical":"https:\/\/beta.info.hu\/en\/impressum\/","og_locale":"en_US","og_type":"article","og_title":"Impressum - BETA","og_description":"[vc_row][vc_column width=&#8221;1\/3&#8243;][vc_column_text][\/vc_column_text][vc_column_text] Company details Company name: Innovat\u00edv Gy\u00f3gyszergy\u00e1rt\u00f3k Egyes\u00fclete Short form of company name: AIPM Tax registration number: 18054293-1-41 Represented by:\u00a0Erika N\u00e9methi,\u00a0Director Registered office: 1077 Budapest, K\u00e9thly Anna t\u00e9r 1., ground floor Phone: +36 1 250 4876 [\/vc_column_text][\/vc_column][vc_column width=&#8221;1\/3&#8243;][vc_empty_space height=&#8221;112&#8243;][vc_column_text] Office Association of Innovative Pharmaceutical Manufacturers \/ AIPM office\u00a0address: 1077 Budapest, K\u00e9thly Anna t\u00e9r 1.,\u00a0ground [&hellip;]","og_url":"https:\/\/beta.info.hu\/en\/impressum\/","og_site_name":"BETA","article_modified_time":"2016-07-08T17:41:06+00:00","og_image":[{"url":"http:\/\/beta.info.hu\/wp-content\/uploads\/2016\/06\/logo-1-300x86.png"}],"twitter_card":"summary","twitter_misc":{"Est. reading time":"1 minute"},"schema":{"@context":"https:\/\/schema.org","@graph":[{"@type":"WebSite","@id":"https:\/\/beta.info.hu\/#website","url":"https:\/\/beta.info.hu\/","name":"BETA","description":"Betegszervezetek Akad\u00e9mi\u00e1ja","potentialAction":[{"@type":"SearchAction","target":{"@type":"EntryPoint","urlTemplate":"https:\/\/beta.info.hu\/?s={search_term_string}"},"query-input":"required name=search_term_string"}],"inLanguage":"en-US"},{"@type":"ImageObject","@id":"https:\/\/beta.info.hu\/en\/impressum\/#primaryimage","inLanguage":"en-US","url":"https:\/\/beta.info.hu\/wp-content\/uploads\/2016\/06\/logo-1.png","contentUrl":"https:\/\/beta.info.hu\/wp-content\/uploads\/2016\/06\/logo-1.png","width":454,"height":130},{"@type":"WebPage","@id":"https:\/\/beta.info.hu\/en\/impressum\/#webpage","url":"https:\/\/beta.info.hu\/en\/impressum\/","name":"Impressum - BETA","isPartOf":{"@id":"https:\/\/beta.info.hu\/#website"},"primaryImageOfPage":{"@id":"https:\/\/beta.info.hu\/en\/impressum\/#primaryimage"},"datePublished":"2016-06-08T12:01:40+00:00","dateModified":"2016-07-08T17:41:06+00:00","breadcrumb":{"@id":"https:\/\/beta.info.hu\/en\/impressum\/#breadcrumb"},"inLanguage":"en-US","potentialAction":[{"@type":"ReadAction","target":["https:\/\/beta.info.hu\/en\/impressum\/"]}]},{"@type":"BreadcrumbList","@id":"https:\/\/beta.info.hu\/en\/impressum\/#breadcrumb","itemListElement":[{"@type":"ListItem","position":1,"name":"Home","item":"https:\/\/beta.info.hu\/en\/"},{"@type":"ListItem","position":2,"name":"Impressum"}]}]}},"_links":{"self":[{"href":"https:\/\/beta.info.hu\/en\/wp-json\/wp\/v2\/pages\/2723","targetHints":{"allow":["GET"]}}],"collection":[{"href":"https:\/\/beta.info.hu\/en\/wp-json\/wp\/v2\/pages"}],"about":[{"href":"https:\/\/beta.info.hu\/en\/wp-json\/wp\/v2\/types\/page"}],"author":[{"embeddable":true,"href":"https:\/\/beta.info.hu\/en\/wp-json\/wp\/v2\/users\/2"}],"replies":[{"embeddable":true,"href":"https:\/\/beta.info.hu\/en\/wp-json\/wp\/v2\/comments?post=2723"}],"version-history":[{"count":2,"href":"https:\/\/beta.info.hu\/en\/wp-json\/wp\/v2\/pages\/2723\/revisions"}],"predecessor-version":[{"id":2725,"href":"https:\/\/beta.info.hu\/en\/wp-json\/wp\/v2\/pages\/2723\/revisions\/2725"}],"wp:attachment":[{"href":"https:\/\/beta.info.hu\/en\/wp-json\/wp\/v2\/media?parent=2723"}],"curies":[{"name":"wp","href":"https:\/\/api.w.org\/{rel}","templated":true}]}}