{"id":3124,"date":"2016-07-20T10:15:22","date_gmt":"2016-07-20T10:15:22","guid":{"rendered":"http:\/\/beta.info.hu\/en\/hirlevel\/"},"modified":"2016-11-22T12:20:05","modified_gmt":"2016-11-22T12:20:05","slug":"newsletter","status":"publish","type":"page","link":"https:\/\/beta.info.hu\/en\/newsletter\/","title":{"rendered":"Newsletter"},"content":{"rendered":"<p>Feliratkoz\u00e1s a h\u00edrlev\u00e9lre<style id='mailster-form-default' type='text\/css'>.mailster-emebed-form body{background:0;padding:0;margin:0}.mailster-emebed-form .mailster-form-body{padding:5px !important;margin:auto !important}.mailster-form-wrap{max-width:100%;max-height:95%;min-width:100px;-webkit-overflow-scrolling:touch}.mailster-form{margin-bottom:20px;position:relative}.mailster-form:before{content:\"\";position:absolute;display:block;height:100%;width:100%;z-index:1;background-repeat:no-repeat;background-position:center center;background-size:20px 20px;background-image:url('https:\/\/beta.info.hu\/wp-content\/plugins\/mailster\/assets\/css\/..\/img\/loading.gif');visibility:hidden;opacity:0;-webkit-transition:opacity .15s ease-in-out;-moz-transition:opacity .15s ease-in-out;-ms-transition:opacity .15s ease-in-out;-o-transition:opacity .15s ease-in-out;transition:opacity .15s ease-in-out}.mailster-form.loading:before{opacity:1;visibility:visible}@media only screen and (-webkit-min-device-pixel-ratio:2),only screen and (min-resolution:192dpi){.mailster-form:before{background-image:url('https:\/\/beta.info.hu\/wp-content\/plugins\/mailster\/assets\/css\/..\/img\/loading_2x.gif')}}.mailster-form:after,.mailster-form-fields:after{content:\".\";visibility:hidden;display:block;height:0;clear:both}.mailster-form,.mailster-form .input,.mailster-form .mailster-form-info{width:100%;-webkit-box-sizing:border-box;-moz-box-sizing:border-box;box-sizing:border-box}.mailster-emebed-form .mailster-form{margin-bottom:3px}.mailster-form .mailster-wrapper{position:relative;margin-bottom:2px;-webkit-transition:opacity .15s ease-in-out;-moz-transition:opacity .15s ease-in-out;-ms-transition:opacity .15s ease-in-out;-o-transition:opacity .15s ease-in-out;transition:opacity .15s ease-in-out}.mailster-form.loading .mailster-wrapper{opacity:.2}.mailster-form textarea.input{resize:vertical;height:150px}.mailster-form li{list-style:none !important;margin-left:0;padding-left:0}span.mailster-required{font-size:120%;font-weight:700;color:#bf4d4d}.mailster-lists-wrapper ul{list-style:none;margin-left:0;padding-left:0}.mailster-lists-wrapper ul li{margin-left:0}.mailster-list-description{color:inherit;display:block;margin-left:25px;font-size:.8em}.mailster-form-info{height:0;border-radius:2px;padding:5px;margin-bottom:4px;color:#fff;padding:9px 16px;-webkit-transition:all .2s;-moz-transition:all .2s;transition:all .2s;-webkit-transform:scale(0);-moz-transform:scale(0);-ms-transform:scale(0);transform:scale(0)}.mailster-form.loading .mailster-form-info{opacity:0}.mailster-form-info a{color:#fff}.mailster-form-info.success,.mailster-form-info.error{display:block;height:100%;-webkit-transform:scale(1);-moz-transform:scale(1);-ms-transform:scale(1);transform:scale(1)}.mailster-form .error input,.mailster-form .error select,.mailster-form .error textarea{outline:2px solid #bf4d4d;outline-offset:0}.mailster-form-info.error{background:#bf4d4d}.mailster-form-info.success{background-color:#6fbf4d;text-align:center}.mailster-form-info ul,.mailster-form .mailster-form-info p{margin:0;padding:0}.mailster-form-info ul li{color:inherit;margin-left:0}.mailster-submit-wrapper{margin-top:6px}.mailster-form .submit-button{cursor:pointer}.mailster-form .submit-button:focus{outline:0}<\/style><form action=\"https:\/\/beta.info.hu\/en\/mailster\/subscribe\" method=\"post\" class=\"mailster-form-1 mailster-form mailster-form-submit mailster-ajax-form\"><input name=\"_referer\" type=\"hidden\" value=\"https:\/\/beta.info.hu\/en\/wp-json\/wp\/v2\/pages\/3124\">\n<input name=\"formid\" type=\"hidden\" value=\"1\">\n<div class=\"mailster-form-fields\">\n<div class=\"mailster-wrapper mailster-lastname-wrapper\"><label for=\"mailster-lastname-1\">N\u00e9v <span class=\"mailster-required\">*<\/span><\/label><input id=\"mailster-lastname-1\" name=\"lastname\" type=\"text\" value=\"\" class=\"input mailster-lastname mailster-required\" aria-required=\"true\" aria-label=\"N\u00e9v\"><\/div>\n<div class=\"mailster-wrapper mailster-szervezet-wrapper\"><label for=\"mailster-szervezet-1\">Szervezet<\/label><input id=\"mailster-szervezet-1\" name=\"szervezet\" type=\"text\" value=\"\" class=\"input mailster-szervezet\" aria-required=\"false\" aria-label=\"Szervezet\"><\/div>\n<div class=\"mailster-wrapper mailster-email-wrapper\"><label for=\"mailster-email-1\">Email c\u00edm <span class=\"mailster-required\">*<\/span><\/label><input id=\"mailster-email-1\" name=\"email\" type=\"email\" value=\"\" class=\"input mailster-email mailster-required\" aria-required=\"true\" aria-label=\"Email c\u00edm\" spellcheck=\"false\"><\/div>\n<label style=\"position:absolute;top:-99999px;left:-99999px;z-index:-99;\"><input name=\"n_9ee2cd9bf8_email\" type=\"email\" tabindex=\"-1\" autocomplete=\"off\"><\/label>\n<div class=\"mailster-wrapper mailster-submit-wrapper form-submit\"><input name=\"submit\" type=\"submit\" value=\"Feliratkozom\" class=\"submit-button button\" aria-label=\"Feliratkozom\"><\/div>\n<\/div>\n<\/form>\n<\/p>\n  \n","protected":false},"excerpt":{"rendered":"Feliratkoz\u00e1s a h\u00edrlev\u00e9lre N\u00e9v * Szervezet Email c\u00edm *","protected":false},"author":5,"featured_media":0,"parent":0,"menu_order":0,"comment_status":"closed","ping_status":"closed","template":"","meta":{"_monsterinsights_skip_tracking":false,"_monsterinsights_sitenote_active":false,"_monsterinsights_sitenote_note":"","_monsterinsights_sitenote_category":0,"footnotes":""},"class_list":["post-3124","page","type-page","status-publish","hentry"],"yoast_head":"<!-- This site is optimized with the Yoast SEO plugin v18.6 - https:\/\/yoast.com\/wordpress\/plugins\/seo\/ -->\n<title>Newsletter - BETA<\/title>\n<meta name=\"robots\" content=\"index, follow, max-snippet:-1, max-image-preview:large, max-video-preview:-1\" \/>\n<link rel=\"canonical\" href=\"https:\/\/beta.info.hu\/en\/newsletter\/\" \/>\n<meta property=\"og:locale\" content=\"en_US\" \/>\n<meta property=\"og:type\" content=\"article\" \/>\n<meta property=\"og:title\" content=\"Newsletter - BETA\" \/>\n<meta property=\"og:url\" content=\"https:\/\/beta.info.hu\/en\/newsletter\/\" \/>\n<meta property=\"og:site_name\" content=\"BETA\" \/>\n<meta property=\"article:modified_time\" content=\"2016-11-22T12:20:05+00:00\" \/>\n<meta name=\"twitter:card\" content=\"summary\" \/>\n<script type=\"application\/ld+json\" class=\"yoast-schema-graph\">{\"@context\":\"https:\/\/schema.org\",\"@graph\":[{\"@type\":\"WebSite\",\"@id\":\"https:\/\/beta.info.hu\/#website\",\"url\":\"https:\/\/beta.info.hu\/\",\"name\":\"BETA\",\"description\":\"Betegszervezetek Akad\u00e9mi\u00e1ja\",\"potentialAction\":[{\"@type\":\"SearchAction\",\"target\":{\"@type\":\"EntryPoint\",\"urlTemplate\":\"https:\/\/beta.info.hu\/?s={search_term_string}\"},\"query-input\":\"required name=search_term_string\"}],\"inLanguage\":\"en-US\"},{\"@type\":\"WebPage\",\"@id\":\"https:\/\/beta.info.hu\/en\/newsletter\/#webpage\",\"url\":\"https:\/\/beta.info.hu\/en\/newsletter\/\",\"name\":\"Newsletter - BETA\",\"isPartOf\":{\"@id\":\"https:\/\/beta.info.hu\/#website\"},\"datePublished\":\"2016-07-20T10:15:22+00:00\",\"dateModified\":\"2016-11-22T12:20:05+00:00\",\"breadcrumb\":{\"@id\":\"https:\/\/beta.info.hu\/en\/newsletter\/#breadcrumb\"},\"inLanguage\":\"en-US\",\"potentialAction\":[{\"@type\":\"ReadAction\",\"target\":[\"https:\/\/beta.info.hu\/en\/newsletter\/\"]}]},{\"@type\":\"BreadcrumbList\",\"@id\":\"https:\/\/beta.info.hu\/en\/newsletter\/#breadcrumb\",\"itemListElement\":[{\"@type\":\"ListItem\",\"position\":1,\"name\":\"Home\",\"item\":\"https:\/\/beta.info.hu\/en\/\"},{\"@type\":\"ListItem\",\"position\":2,\"name\":\"Newsletter\"}]}]}<\/script>\n<!-- \/ Yoast SEO plugin. -->","yoast_head_json":{"title":"Newsletter - BETA","robots":{"index":"index","follow":"follow","max-snippet":"max-snippet:-1","max-image-preview":"max-image-preview:large","max-video-preview":"max-video-preview:-1"},"canonical":"https:\/\/beta.info.hu\/en\/newsletter\/","og_locale":"en_US","og_type":"article","og_title":"Newsletter - BETA","og_url":"https:\/\/beta.info.hu\/en\/newsletter\/","og_site_name":"BETA","article_modified_time":"2016-11-22T12:20:05+00:00","twitter_card":"summary","schema":{"@context":"https:\/\/schema.org","@graph":[{"@type":"WebSite","@id":"https:\/\/beta.info.hu\/#website","url":"https:\/\/beta.info.hu\/","name":"BETA","description":"Betegszervezetek Akad\u00e9mi\u00e1ja","potentialAction":[{"@type":"SearchAction","target":{"@type":"EntryPoint","urlTemplate":"https:\/\/beta.info.hu\/?s={search_term_string}"},"query-input":"required name=search_term_string"}],"inLanguage":"en-US"},{"@type":"WebPage","@id":"https:\/\/beta.info.hu\/en\/newsletter\/#webpage","url":"https:\/\/beta.info.hu\/en\/newsletter\/","name":"Newsletter - BETA","isPartOf":{"@id":"https:\/\/beta.info.hu\/#website"},"datePublished":"2016-07-20T10:15:22+00:00","dateModified":"2016-11-22T12:20:05+00:00","breadcrumb":{"@id":"https:\/\/beta.info.hu\/en\/newsletter\/#breadcrumb"},"inLanguage":"en-US","potentialAction":[{"@type":"ReadAction","target":["https:\/\/beta.info.hu\/en\/newsletter\/"]}]},{"@type":"BreadcrumbList","@id":"https:\/\/beta.info.hu\/en\/newsletter\/#breadcrumb","itemListElement":[{"@type":"ListItem","position":1,"name":"Home","item":"https:\/\/beta.info.hu\/en\/"},{"@type":"ListItem","position":2,"name":"Newsletter"}]}]}},"_links":{"self":[{"href":"https:\/\/beta.info.hu\/en\/wp-json\/wp\/v2\/pages\/3124","targetHints":{"allow":["GET"]}}],"collection":[{"href":"https:\/\/beta.info.hu\/en\/wp-json\/wp\/v2\/pages"}],"about":[{"href":"https:\/\/beta.info.hu\/en\/wp-json\/wp\/v2\/types\/page"}],"author":[{"embeddable":true,"href":"https:\/\/beta.info.hu\/en\/wp-json\/wp\/v2\/users\/5"}],"replies":[{"embeddable":true,"href":"https:\/\/beta.info.hu\/en\/wp-json\/wp\/v2\/comments?post=3124"}],"version-history":[{"count":1,"href":"https:\/\/beta.info.hu\/en\/wp-json\/wp\/v2\/pages\/3124\/revisions"}],"predecessor-version":[{"id":3125,"href":"https:\/\/beta.info.hu\/en\/wp-json\/wp\/v2\/pages\/3124\/revisions\/3125"}],"wp:attachment":[{"href":"https:\/\/beta.info.hu\/en\/wp-json\/wp\/v2\/media?parent=3124"}],"curies":[{"name":"wp","href":"https:\/\/api.w.org\/{rel}","templated":true}]}}